{"id":665,"date":"2024-05-31T10:36:37","date_gmt":"2024-05-31T16:36:37","guid":{"rendered":"https:\/\/serpro504.com\/?post_type=product&#038;p=665"},"modified":"2025-12-02T13:51:44","modified_gmt":"2025-12-02T19:51:44","slug":"taller-sobre-costos-de-distribucion","status":"publish","type":"product","link":"https:\/\/serpro504.com\/index.php\/producto\/taller-sobre-costos-de-distribucion\/","title":{"rendered":"Taller sobre costos de distribuci\u00f3n"},"content":{"rendered":"","protected":false},"excerpt":{"rendered":"<p>Taller impartido por el especialista en transporte de carga, Ing. Gerardo H. Mej\u00eda. Qui\u00e9n abordar\u00e1 temas esenciales sobre costos de distribuci\u00f3n (ABC Costing).<\/p>\n","protected":false},"featured_media":666,"comment_status":"open","ping_status":"closed","template":"","meta":[],"product_cat":[20,29],"product_tag":[],"aioseo_notices":[],"jetpack_sharing_enabled":true,"_links":{"self":[{"href":"https:\/\/serpro504.com\/index.php\/wp-json\/wp\/v2\/product\/665"}],"collection":[{"href":"https:\/\/serpro504.com\/index.php\/wp-json\/wp\/v2\/product"}],"about":[{"href":"https:\/\/serpro504.com\/index.php\/wp-json\/wp\/v2\/types\/product"}],"replies":[{"embeddable":true,"href":"https:\/\/serpro504.com\/index.php\/wp-json\/wp\/v2\/comments?post=665"}],"wp:featuredmedia":[{"embeddable":true,"href":"https:\/\/serpro504.com\/index.php\/wp-json\/wp\/v2\/media\/666"}],"wp:attachment":[{"href":"https:\/\/serpro504.com\/index.php\/wp-json\/wp\/v2\/media?parent=665"}],"wp:term":[{"taxonomy":"product_cat","embeddable":true,"href":"https:\/\/serpro504.com\/index.php\/wp-json\/wp\/v2\/product_cat?post=665"},{"taxonomy":"product_tag","embeddable":true,"href":"https:\/\/serpro504.com\/index.php\/wp-json\/wp\/v2\/product_tag?post=665"}],"curies":[{"name":"wp","href":"https:\/\/api.w.org\/{rel}","templated":true}]}}