{"id":669,"date":"2024-05-31T10:56:48","date_gmt":"2024-05-31T16:56:48","guid":{"rendered":"https:\/\/serpro504.com\/?post_type=product&#038;p=669"},"modified":"2025-09-30T06:11:37","modified_gmt":"2025-09-30T12:11:37","slug":"taller-sobre-incoterms-2020","status":"publish","type":"product","link":"https:\/\/serpro504.com\/index.php\/producto\/taller-sobre-incoterms-2020\/","title":{"rendered":"Taller sobre INCOTERMS 2020"},"content":{"rendered":"<p>Curso que abarca t\u00e9rminos de comercio internacional orientado a conocer los costos y riesgos relacionados con el transporte de mercanc\u00edas en el comercio internacional, impartido por el Ing. Gerardo H. Mej\u00eda, especialista en transporte de carga y log\u00edstica internacional.<\/p>\n","protected":false},"excerpt":{"rendered":"<p>Curso que abarca t\u00e9rminos de comercio internacional orientado a conocer los costos y riesgos relacionados con el transporte de mercanc\u00edas en el comercio internacional.<\/p>\n","protected":false},"featured_media":670,"comment_status":"open","ping_status":"closed","template":"","meta":[],"product_cat":[20,29],"product_tag":[],"aioseo_notices":[],"jetpack_sharing_enabled":true,"_links":{"self":[{"href":"https:\/\/serpro504.com\/index.php\/wp-json\/wp\/v2\/product\/669"}],"collection":[{"href":"https:\/\/serpro504.com\/index.php\/wp-json\/wp\/v2\/product"}],"about":[{"href":"https:\/\/serpro504.com\/index.php\/wp-json\/wp\/v2\/types\/product"}],"replies":[{"embeddable":true,"href":"https:\/\/serpro504.com\/index.php\/wp-json\/wp\/v2\/comments?post=669"}],"wp:featuredmedia":[{"embeddable":true,"href":"https:\/\/serpro504.com\/index.php\/wp-json\/wp\/v2\/media\/670"}],"wp:attachment":[{"href":"https:\/\/serpro504.com\/index.php\/wp-json\/wp\/v2\/media?parent=669"}],"wp:term":[{"taxonomy":"product_cat","embeddable":true,"href":"https:\/\/serpro504.com\/index.php\/wp-json\/wp\/v2\/product_cat?post=669"},{"taxonomy":"product_tag","embeddable":true,"href":"https:\/\/serpro504.com\/index.php\/wp-json\/wp\/v2\/product_tag?post=669"}],"curies":[{"name":"wp","href":"https:\/\/api.w.org\/{rel}","templated":true}]}}