{"id":718,"date":"2024-06-17T09:49:11","date_gmt":"2024-06-17T15:49:11","guid":{"rendered":"https:\/\/serpro504.com\/?post_type=product&#038;p=718"},"modified":"2025-12-30T02:06:21","modified_gmt":"2025-12-30T08:06:21","slug":"clases-de-matematicas","status":"publish","type":"product","link":"https:\/\/serpro504.com\/index.php\/producto\/clases-de-matematicas\/","title":{"rendered":"Asesoramiento para clases de matem\u00e1ticas."},"content":{"rendered":"<p>Ases\u00f3rate para pasar f\u00e1cilmente tus clases de matem\u00e1ticas con nosotros. Cont\u00e1ctate con nosotros y dinos los temas que necesitas reforzar.<\/p>\n","protected":false},"excerpt":{"rendered":"<p>\u00a1Ases\u00f3rate para pasar f\u00e1cilmente tus clases de matem\u00e1ticas con nosotros!<\/p>\n","protected":false},"featured_media":719,"comment_status":"open","ping_status":"closed","template":"","meta":[],"product_cat":[28,33,32,29],"product_tag":[],"aioseo_notices":[],"jetpack_sharing_enabled":true,"_links":{"self":[{"href":"https:\/\/serpro504.com\/index.php\/wp-json\/wp\/v2\/product\/718"}],"collection":[{"href":"https:\/\/serpro504.com\/index.php\/wp-json\/wp\/v2\/product"}],"about":[{"href":"https:\/\/serpro504.com\/index.php\/wp-json\/wp\/v2\/types\/product"}],"replies":[{"embeddable":true,"href":"https:\/\/serpro504.com\/index.php\/wp-json\/wp\/v2\/comments?post=718"}],"wp:featuredmedia":[{"embeddable":true,"href":"https:\/\/serpro504.com\/index.php\/wp-json\/wp\/v2\/media\/719"}],"wp:attachment":[{"href":"https:\/\/serpro504.com\/index.php\/wp-json\/wp\/v2\/media?parent=718"}],"wp:term":[{"taxonomy":"product_cat","embeddable":true,"href":"https:\/\/serpro504.com\/index.php\/wp-json\/wp\/v2\/product_cat?post=718"},{"taxonomy":"product_tag","embeddable":true,"href":"https:\/\/serpro504.com\/index.php\/wp-json\/wp\/v2\/product_tag?post=718"}],"curies":[{"name":"wp","href":"https:\/\/api.w.org\/{rel}","templated":true}]}}